{"id":894,"date":"2022-08-25T09:25:23","date_gmt":"2022-08-25T07:25:23","guid":{"rendered":"http:\/\/manue-scritch.com\/?page_id=894"},"modified":"2023-11-14T19:06:52","modified_gmt":"2023-11-14T18:06:52","slug":"ma-bd-bientot-sur-ulule","status":"publish","type":"page","link":"https:\/\/manue-scritch.com\/index.php\/ma-bd-bientot-sur-ulule\/","title":{"rendered":"Ma BD"},"content":{"rendered":"\n<figure class=\"wp-block-image size-full\"><img loading=\"lazy\" decoding=\"async\" width=\"640\" height=\"360\" src=\"http:\/\/manue-scritch.com\/wp-content\/uploads\/2022\/09\/visuel_campagne.jpg\" alt=\"\" class=\"wp-image-1033\" srcset=\"https:\/\/manue-scritch.com\/wp-content\/uploads\/2022\/09\/visuel_campagne.jpg 640w, https:\/\/manue-scritch.com\/wp-content\/uploads\/2022\/09\/visuel_campagne-300x169.jpg 300w\" sizes=\"(max-width: 640px) 100vw, 640px\" \/><\/figure>\n\n\n\n<div class=\"wp-block-columns is-layout-flex wp-container-core-columns-layout-1 wp-block-columns-is-layout-flex\">\n<div class=\"wp-block-column is-layout-flow wp-block-column-is-layout-flow\" style=\"flex-basis:360px\">\n<p>Apr\u00e8s plusieurs ann\u00e9es de dessin sur ce site et une campagne de financement r\u00e9ussie sur <a href=\"https:\/\/fr.ulule.com\/bd-rourou\/\">Ulule,<\/a> ma BD \u00ab\u00a0RouRou, Prince des Dauphins\u00a0\u00bb est d\u00e9sormais disponible. <br><br>Le Prince Rou Rou est exil\u00e9 de son royaume pour avoir manqu\u00e9 \u00e0 son devoir. Les \u00e9preuves qu&rsquo;il va traverser lui permettront-elles de sauver le royaume et de retrouver son rang?<\/p>\n\n\n\n<p>D\u00e9couvrez ses aventures dans une histoire pleine d&rsquo;humour au Royaume des dauphins qui ravira aussi bien les petits que les grands! <\/p>\n\n\n\n<p>Pour commander la BD, <a href=\"https:\/\/buy.stripe.com\/8wM3ft6Sn8uCaQMaEE\">cliquez ici <\/a>(paiement en ligne s\u00e9curis\u00e9)<\/p>\n\n\n\n<p>Prix de vente : <strong>18\u20ac TTC + frais de port <\/strong><\/p>\n\n\n\n<p>\u00c0 partir de 7 ans<\/p>\n\n\n\n<p>Livraison : 3-6 jours<\/p>\n\n\n\n<p>Si vous souhaitez b\u00e9n\u00e9ficier <strong>d&rsquo;une d\u00e9dicace avec votre commande<\/strong>, merci d&rsquo;en faire la demande<a href=\"http:\/\/manue-scritch.com\/index.php\/formulaire-de-contact\/\"> ici<\/a>.<\/p>\n\n\n\n<p>Vous pouvez \u00e9galement vous procurer cette BD dans nos librairies partenaires :<\/p>\n\n\n\n<p>&#8211;<a href=\"https:\/\/nouvelle-librairie.com\/\">La Nouvelle Librairie<\/a> (Paris)<\/p>\n\n\n\n<p>&#8211;<a href=\"http:\/\/www.librairiefrancaise.fr\/fr\/\">La Librairie Fran\u00e7aise<\/a> (Paris) <\/p>\n\n\n\n<p>&#8211;<a href=\"https:\/\/librairie-vincent.com\/\">La Librairie Vincent<\/a> (Paris)<\/p>\n\n\n\n<p>&#8211;<a href=\"https:\/\/lesdeuxcites.fr\/\">Les Deux Cit\u00e9s<\/a> (Nancy) <\/p>\n\n\n\n<p>&#8211;<a href=\"https:\/\/www.canalbd.net\/la-parenthese\">La Parenth\u00e8se<\/a> (Nancy)<\/p>\n\n\n\n<p>&#8211;<a href=\"https:\/\/halldulivre.com\/\">Le Hall du Livre<\/a> (Nancy)<\/p>\n\n\n\n<p>&#8211;<a href=\"http:\/\/plusbelleslesbulles.fr\/index.php?option=com_content&amp;view=article&amp;id=420&amp;catid=22&amp;Itemid=16\">Plus belles les Bulles<\/a> (Nancy)<\/p>\n\n\n\n<p>&#8211;<a href=\"https:\/\/www.librairiequantin.com\/\">Librairie Quantin <\/a>(Lun\u00e9ville) <\/p>\n\n\n\n<p>&#8211;<a href=\"https:\/\/www.librairiedobree.com\/\">Librairie Dobr\u00e9e<\/a> (Nantes) <\/p>\n\n\n\n<p>&#8211; <a href=\"https:\/\/www.librairie-ruc.fr\/\">Librairie RUC<\/a> (Colmar) <\/p>\n\n\n\n<p>&#8211;<a href=\"https:\/\/www.librairie-libroscope.fr\/\">Le libroscope<\/a> (Colmar)<\/p>\n\n\n\n<p>&#8211;<a href=\"https:\/\/www.canalbd.net\/passion-bande-dessinee\">Passion BD<\/a> (Douai)<\/p>\n\n\n\n<p><\/p>\n\n\n\n<figure class=\"wp-block-embed is-type-video is-provider-youtube wp-block-embed-youtube wp-embed-aspect-16-9 wp-has-aspect-ratio\"><div class=\"wp-block-embed__wrapper\">\n<iframe loading=\"lazy\" title=\"Richard de Seze pr\u00e9sente &quot;Rourou Prince des Dauphins&quot; et &quot;Y\u00e9zidie&quot;\" width=\"840\" height=\"473\" src=\"https:\/\/www.youtube.com\/embed\/nZ7TgBbEEP0?feature=oembed\" frameborder=\"0\" allow=\"accelerometer; autoplay; clipboard-write; encrypted-media; gyroscope; picture-in-picture; web-share\" allowfullscreen><\/iframe>\n<\/div><\/figure>\n<\/div>\n\n\n\n<div class=\"wp-block-column is-layout-flow wp-block-column-is-layout-flow\" style=\"flex-basis:50%\">\n<figure class=\"wp-block-image size-full\"><img loading=\"lazy\" decoding=\"async\" width=\"600\" height=\"723\" src=\"http:\/\/manue-scritch.com\/wp-content\/uploads\/2022\/08\/mock-up_couv-600px-1.png\" alt=\"\" class=\"wp-image-999\" srcset=\"https:\/\/manue-scritch.com\/wp-content\/uploads\/2022\/08\/mock-up_couv-600px-1.png 600w, https:\/\/manue-scritch.com\/wp-content\/uploads\/2022\/08\/mock-up_couv-600px-1-249x300.png 249w\" sizes=\"(max-width: 600px) 100vw, 600px\" \/><\/figure>\n<\/div>\n<\/div>\n\n\n\n<figure class=\"wp-block-image size-large is-resized\"><img loading=\"lazy\" decoding=\"async\" src=\"http:\/\/manue-scritch.com\/wp-content\/uploads\/2022\/12\/Page_1_C1-1024x332.jpg\" alt=\"\" class=\"wp-image-1076\" width=\"880\" height=\"285\" srcset=\"https:\/\/manue-scritch.com\/wp-content\/uploads\/2022\/12\/Page_1_C1-1024x332.jpg 1024w, https:\/\/manue-scritch.com\/wp-content\/uploads\/2022\/12\/Page_1_C1-300x97.jpg 300w, https:\/\/manue-scritch.com\/wp-content\/uploads\/2022\/12\/Page_1_C1-768x249.jpg 768w, https:\/\/manue-scritch.com\/wp-content\/uploads\/2022\/12\/Page_1_C1-1536x499.jpg 1536w, https:\/\/manue-scritch.com\/wp-content\/uploads\/2022\/12\/Page_1_C1-2048x665.jpg 2048w\" sizes=\"(max-width: 880px) 100vw, 880px\" \/><\/figure>\n\n\n\n<figure class=\"wp-block-image size-full\"><img loading=\"lazy\" decoding=\"async\" width=\"1024\" height=\"1448\" src=\"http:\/\/manue-scritch.com\/wp-content\/uploads\/2022\/12\/Page_3-_ulule_1024px_recadre.jpg\" alt=\"\" class=\"wp-image-1084\" srcset=\"https:\/\/manue-scritch.com\/wp-content\/uploads\/2022\/12\/Page_3-_ulule_1024px_recadre.jpg 1024w, https:\/\/manue-scritch.com\/wp-content\/uploads\/2022\/12\/Page_3-_ulule_1024px_recadre-212x300.jpg 212w, https:\/\/manue-scritch.com\/wp-content\/uploads\/2022\/12\/Page_3-_ulule_1024px_recadre-768x1086.jpg 768w\" sizes=\"(max-width: 1024px) 100vw, 1024px\" \/><\/figure>\n\n\n\n<figure class=\"wp-block-image size-full\"><img loading=\"lazy\" decoding=\"async\" width=\"1024\" height=\"1376\" src=\"http:\/\/manue-scritch.com\/wp-content\/uploads\/2022\/12\/Page_4-3_1024px_recadre.jpg\" alt=\"\" class=\"wp-image-1083\" srcset=\"https:\/\/manue-scritch.com\/wp-content\/uploads\/2022\/12\/Page_4-3_1024px_recadre.jpg 1024w, https:\/\/manue-scritch.com\/wp-content\/uploads\/2022\/12\/Page_4-3_1024px_recadre-223x300.jpg 223w, https:\/\/manue-scritch.com\/wp-content\/uploads\/2022\/12\/Page_4-3_1024px_recadre-768x1032.jpg 768w\" sizes=\"(max-width: 1024px) 100vw, 1024px\" \/><\/figure>\n","protected":false},"excerpt":{"rendered":"<p>Apr\u00e8s plusieurs ann\u00e9es de dessin sur ce site et une campagne de financement r\u00e9ussie sur Ulule, ma BD \u00ab\u00a0RouRou, Prince des Dauphins\u00a0\u00bb est d\u00e9sormais disponible. Le Prince Rou Rou est exil\u00e9 de son royaume pour &hellip;<\/p>\n","protected":false},"author":1,"featured_media":0,"parent":0,"menu_order":0,"comment_status":"closed","ping_status":"closed","template":"","meta":{"footnotes":""},"yoast_head":"<!-- This site is optimized with the Yoast SEO plugin v21.8.1 - https:\/\/yoast.com\/wordpress\/plugins\/seo\/ -->\n<title>Ma BD - Manue Scritch<\/title>\n<meta name=\"robots\" content=\"index, follow, max-snippet:-1, max-image-preview:large, max-video-preview:-1\" \/>\n<link rel=\"canonical\" href=\"https:\/\/manue-scritch.com\/index.php\/ma-bd-bientot-sur-ulule\/\" \/>\n<meta property=\"og:locale\" content=\"fr_FR\" \/>\n<meta property=\"og:type\" content=\"article\" \/>\n<meta property=\"og:title\" content=\"Ma BD - Manue Scritch\" \/>\n<meta property=\"og:description\" content=\"Apr\u00e8s plusieurs ann\u00e9es de dessin sur ce site et une campagne de financement r\u00e9ussie sur Ulule, ma BD \u00ab\u00a0RouRou, Prince des Dauphins\u00a0\u00bb est d\u00e9sormais disponible. Le Prince Rou Rou est exil\u00e9 de son royaume pour &hellip;\" \/>\n<meta property=\"og:url\" content=\"https:\/\/manue-scritch.com\/index.php\/ma-bd-bientot-sur-ulule\/\" \/>\n<meta property=\"og:site_name\" content=\"Manue Scritch\" \/>\n<meta property=\"article:modified_time\" content=\"2023-11-14T18:06:52+00:00\" \/>\n<meta property=\"og:image\" content=\"http:\/\/manue-scritch.com\/wp-content\/uploads\/2022\/09\/visuel_campagne.jpg\" \/>\n<meta name=\"twitter:card\" content=\"summary_large_image\" \/>\n<meta name=\"twitter:label1\" content=\"Dur\u00e9e de lecture estim\u00e9e\" \/>\n\t<meta name=\"twitter:data1\" content=\"2 minutes\" \/>\n<script type=\"application\/ld+json\" class=\"yoast-schema-graph\">{\"@context\":\"https:\/\/schema.org\",\"@graph\":[{\"@type\":\"WebPage\",\"@id\":\"https:\/\/manue-scritch.com\/index.php\/ma-bd-bientot-sur-ulule\/\",\"url\":\"https:\/\/manue-scritch.com\/index.php\/ma-bd-bientot-sur-ulule\/\",\"name\":\"Ma BD - Manue Scritch\",\"isPartOf\":{\"@id\":\"http:\/\/manue-scritch.com\/#website\"},\"datePublished\":\"2022-08-25T07:25:23+00:00\",\"dateModified\":\"2023-11-14T18:06:52+00:00\",\"breadcrumb\":{\"@id\":\"https:\/\/manue-scritch.com\/index.php\/ma-bd-bientot-sur-ulule\/#breadcrumb\"},\"inLanguage\":\"fr-FR\",\"potentialAction\":[{\"@type\":\"ReadAction\",\"target\":[\"https:\/\/manue-scritch.com\/index.php\/ma-bd-bientot-sur-ulule\/\"]}]},{\"@type\":\"BreadcrumbList\",\"@id\":\"https:\/\/manue-scritch.com\/index.php\/ma-bd-bientot-sur-ulule\/#breadcrumb\",\"itemListElement\":[{\"@type\":\"ListItem\",\"position\":1,\"name\":\"Accueil\",\"item\":\"http:\/\/manue-scritch.com\/\"},{\"@type\":\"ListItem\",\"position\":2,\"name\":\"Ma BD\"}]},{\"@type\":\"WebSite\",\"@id\":\"http:\/\/manue-scritch.com\/#website\",\"url\":\"http:\/\/manue-scritch.com\/\",\"name\":\"Manue Scritch\",\"description\":\"\",\"potentialAction\":[{\"@type\":\"SearchAction\",\"target\":{\"@type\":\"EntryPoint\",\"urlTemplate\":\"http:\/\/manue-scritch.com\/?s={search_term_string}\"},\"query-input\":\"required name=search_term_string\"}],\"inLanguage\":\"fr-FR\"}]}<\/script>\n<!-- \/ Yoast SEO plugin. -->","yoast_head_json":{"title":"Ma BD - Manue Scritch","robots":{"index":"index","follow":"follow","max-snippet":"max-snippet:-1","max-image-preview":"max-image-preview:large","max-video-preview":"max-video-preview:-1"},"canonical":"https:\/\/manue-scritch.com\/index.php\/ma-bd-bientot-sur-ulule\/","og_locale":"fr_FR","og_type":"article","og_title":"Ma BD - Manue Scritch","og_description":"Apr\u00e8s plusieurs ann\u00e9es de dessin sur ce site et une campagne de financement r\u00e9ussie sur Ulule, ma BD \u00ab\u00a0RouRou, Prince des Dauphins\u00a0\u00bb est d\u00e9sormais disponible. Le Prince Rou Rou est exil\u00e9 de son royaume pour &hellip;","og_url":"https:\/\/manue-scritch.com\/index.php\/ma-bd-bientot-sur-ulule\/","og_site_name":"Manue Scritch","article_modified_time":"2023-11-14T18:06:52+00:00","og_image":[{"url":"http:\/\/manue-scritch.com\/wp-content\/uploads\/2022\/09\/visuel_campagne.jpg"}],"twitter_card":"summary_large_image","twitter_misc":{"Dur\u00e9e de lecture estim\u00e9e":"2 minutes"},"schema":{"@context":"https:\/\/schema.org","@graph":[{"@type":"WebPage","@id":"https:\/\/manue-scritch.com\/index.php\/ma-bd-bientot-sur-ulule\/","url":"https:\/\/manue-scritch.com\/index.php\/ma-bd-bientot-sur-ulule\/","name":"Ma BD - Manue Scritch","isPartOf":{"@id":"http:\/\/manue-scritch.com\/#website"},"datePublished":"2022-08-25T07:25:23+00:00","dateModified":"2023-11-14T18:06:52+00:00","breadcrumb":{"@id":"https:\/\/manue-scritch.com\/index.php\/ma-bd-bientot-sur-ulule\/#breadcrumb"},"inLanguage":"fr-FR","potentialAction":[{"@type":"ReadAction","target":["https:\/\/manue-scritch.com\/index.php\/ma-bd-bientot-sur-ulule\/"]}]},{"@type":"BreadcrumbList","@id":"https:\/\/manue-scritch.com\/index.php\/ma-bd-bientot-sur-ulule\/#breadcrumb","itemListElement":[{"@type":"ListItem","position":1,"name":"Accueil","item":"http:\/\/manue-scritch.com\/"},{"@type":"ListItem","position":2,"name":"Ma BD"}]},{"@type":"WebSite","@id":"http:\/\/manue-scritch.com\/#website","url":"http:\/\/manue-scritch.com\/","name":"Manue Scritch","description":"","potentialAction":[{"@type":"SearchAction","target":{"@type":"EntryPoint","urlTemplate":"http:\/\/manue-scritch.com\/?s={search_term_string}"},"query-input":"required name=search_term_string"}],"inLanguage":"fr-FR"}]}},"_links":{"self":[{"href":"https:\/\/manue-scritch.com\/index.php\/wp-json\/wp\/v2\/pages\/894"}],"collection":[{"href":"https:\/\/manue-scritch.com\/index.php\/wp-json\/wp\/v2\/pages"}],"about":[{"href":"https:\/\/manue-scritch.com\/index.php\/wp-json\/wp\/v2\/types\/page"}],"author":[{"embeddable":true,"href":"https:\/\/manue-scritch.com\/index.php\/wp-json\/wp\/v2\/users\/1"}],"replies":[{"embeddable":true,"href":"https:\/\/manue-scritch.com\/index.php\/wp-json\/wp\/v2\/comments?post=894"}],"version-history":[{"count":27,"href":"https:\/\/manue-scritch.com\/index.php\/wp-json\/wp\/v2\/pages\/894\/revisions"}],"predecessor-version":[{"id":1134,"href":"https:\/\/manue-scritch.com\/index.php\/wp-json\/wp\/v2\/pages\/894\/revisions\/1134"}],"wp:attachment":[{"href":"https:\/\/manue-scritch.com\/index.php\/wp-json\/wp\/v2\/media?parent=894"}],"curies":[{"name":"wp","href":"https:\/\/api.w.org\/{rel}","templated":true}]}}