{"id":865,"date":"2022-08-22T22:28:54","date_gmt":"2022-08-22T20:28:54","guid":{"rendered":"http:\/\/manue-scritch.com\/?page_id=865"},"modified":"2022-08-23T14:55:11","modified_gmt":"2022-08-23T12:55:11","slug":"a-propos","status":"publish","type":"page","link":"https:\/\/manue-scritch.com\/index.php\/a-propos\/","title":{"rendered":"\u00c0 propos"},"content":{"rendered":"\n<div class=\"wp-block-columns is-layout-flex wp-container-core-columns-layout-1 wp-block-columns-is-layout-flex\">\n<div class=\"wp-block-column is-layout-flow wp-block-column-is-layout-flow\" style=\"flex-basis:83.33%\">\n<figure class=\"wp-block-image size-full\"><img loading=\"lazy\" decoding=\"async\" width=\"312\" height=\"293\" src=\"http:\/\/manue-scritch.com\/wp-content\/uploads\/2018\/01\/au-boulot_3.jpg\" alt=\"\" class=\"wp-image-211\" srcset=\"https:\/\/manue-scritch.com\/wp-content\/uploads\/2018\/01\/au-boulot_3.jpg 312w, https:\/\/manue-scritch.com\/wp-content\/uploads\/2018\/01\/au-boulot_3-300x282.jpg 300w\" sizes=\"(max-width: 312px) 100vw, 312px\" \/><\/figure>\n\n\n\n<p>Je suis une dessinatrice fran\u00e7aise n\u00e9e en 1986.<\/p>\n\n\n\n<p>J&rsquo;ai grandi avec les BD franco-belges, notamment Uderzo et Herg\u00e9, et mon dessin s&rsquo;inscrit dans cette continuit\u00e9 : de la l\u00e9g\u00e8ret\u00e9, une ligne claire et des couleurs, beaucoup de couleurs !<\/p>\n\n\n\n<p>Apr\u00e8s avoir partag\u00e9 mes dessins sur mon site pendant plusieurs ann\u00e9es, je m&rsquo;appr\u00eate \u00e0 publier ma premi\u00e8re BD qui vous ouvrira les portes du Royaume des Dauphins!<\/p>\n\n\n\n<p>Pourquoi les dauphins? <\/p>\n\n\n\n<p>Parce que :<\/p>\n\n\n\n<figure class=\"wp-block-embed is-type-video is-provider-youtube wp-block-embed-youtube wp-embed-aspect-16-9 wp-has-aspect-ratio\"><div class=\"wp-block-embed__wrapper\">\n<iframe loading=\"lazy\" title=\"H2G2   Salut et merci pour le poisson\" width=\"840\" height=\"473\" src=\"https:\/\/www.youtube.com\/embed\/nu22D8j_ZCA?feature=oembed\" frameborder=\"0\" allow=\"accelerometer; autoplay; clipboard-write; encrypted-media; gyroscope; picture-in-picture\" allowfullscreen><\/iframe>\n<\/div><\/figure>\n<\/div>\n\n\n\n<div class=\"wp-block-column is-layout-flow wp-block-column-is-layout-flow\" style=\"flex-basis:16.67%\"><\/div>\n<\/div>\n\n\n\n<p>  <\/p>\n","protected":false},"excerpt":{"rendered":"<p>Je suis une dessinatrice fran\u00e7aise n\u00e9e en 1986. J&rsquo;ai grandi avec les BD franco-belges, notamment Uderzo et Herg\u00e9, et mon dessin s&rsquo;inscrit dans cette continuit\u00e9 : de la l\u00e9g\u00e8ret\u00e9, une ligne claire et des couleurs, &hellip;<\/p>\n","protected":false},"author":1,"featured_media":0,"parent":0,"menu_order":0,"comment_status":"closed","ping_status":"closed","template":"","meta":{"footnotes":""},"yoast_head":"<!-- This site is optimized with the Yoast SEO plugin v21.8.1 - https:\/\/yoast.com\/wordpress\/plugins\/seo\/ -->\n<title>\u00c0 propos - Manue Scritch<\/title>\n<meta name=\"robots\" content=\"index, follow, max-snippet:-1, max-image-preview:large, max-video-preview:-1\" \/>\n<link rel=\"canonical\" href=\"https:\/\/manue-scritch.com\/index.php\/a-propos\/\" \/>\n<meta property=\"og:locale\" content=\"fr_FR\" \/>\n<meta property=\"og:type\" content=\"article\" \/>\n<meta property=\"og:title\" content=\"\u00c0 propos - Manue Scritch\" \/>\n<meta property=\"og:description\" content=\"Je suis une dessinatrice fran\u00e7aise n\u00e9e en 1986. J&rsquo;ai grandi avec les BD franco-belges, notamment Uderzo et Herg\u00e9, et mon dessin s&rsquo;inscrit dans cette continuit\u00e9 : de la l\u00e9g\u00e8ret\u00e9, une ligne claire et des couleurs, &hellip;\" \/>\n<meta property=\"og:url\" content=\"https:\/\/manue-scritch.com\/index.php\/a-propos\/\" \/>\n<meta property=\"og:site_name\" content=\"Manue Scritch\" \/>\n<meta property=\"article:modified_time\" content=\"2022-08-23T12:55:11+00:00\" \/>\n<meta property=\"og:image\" content=\"http:\/\/manue-scritch.com\/wp-content\/uploads\/2018\/01\/au-boulot_3.jpg\" \/>\n<meta name=\"twitter:card\" content=\"summary_large_image\" \/>\n<meta name=\"twitter:label1\" content=\"Dur\u00e9e de lecture estim\u00e9e\" \/>\n\t<meta name=\"twitter:data1\" content=\"1 minute\" \/>\n<script type=\"application\/ld+json\" class=\"yoast-schema-graph\">{\"@context\":\"https:\/\/schema.org\",\"@graph\":[{\"@type\":\"WebPage\",\"@id\":\"https:\/\/manue-scritch.com\/index.php\/a-propos\/\",\"url\":\"https:\/\/manue-scritch.com\/index.php\/a-propos\/\",\"name\":\"\u00c0 propos - Manue Scritch\",\"isPartOf\":{\"@id\":\"http:\/\/manue-scritch.com\/#website\"},\"datePublished\":\"2022-08-22T20:28:54+00:00\",\"dateModified\":\"2022-08-23T12:55:11+00:00\",\"breadcrumb\":{\"@id\":\"https:\/\/manue-scritch.com\/index.php\/a-propos\/#breadcrumb\"},\"inLanguage\":\"fr-FR\",\"potentialAction\":[{\"@type\":\"ReadAction\",\"target\":[\"https:\/\/manue-scritch.com\/index.php\/a-propos\/\"]}]},{\"@type\":\"BreadcrumbList\",\"@id\":\"https:\/\/manue-scritch.com\/index.php\/a-propos\/#breadcrumb\",\"itemListElement\":[{\"@type\":\"ListItem\",\"position\":1,\"name\":\"Accueil\",\"item\":\"http:\/\/manue-scritch.com\/\"},{\"@type\":\"ListItem\",\"position\":2,\"name\":\"\u00c0 propos\"}]},{\"@type\":\"WebSite\",\"@id\":\"http:\/\/manue-scritch.com\/#website\",\"url\":\"http:\/\/manue-scritch.com\/\",\"name\":\"Manue Scritch\",\"description\":\"\",\"potentialAction\":[{\"@type\":\"SearchAction\",\"target\":{\"@type\":\"EntryPoint\",\"urlTemplate\":\"http:\/\/manue-scritch.com\/?s={search_term_string}\"},\"query-input\":\"required name=search_term_string\"}],\"inLanguage\":\"fr-FR\"}]}<\/script>\n<!-- \/ Yoast SEO plugin. -->","yoast_head_json":{"title":"\u00c0 propos - Manue Scritch","robots":{"index":"index","follow":"follow","max-snippet":"max-snippet:-1","max-image-preview":"max-image-preview:large","max-video-preview":"max-video-preview:-1"},"canonical":"https:\/\/manue-scritch.com\/index.php\/a-propos\/","og_locale":"fr_FR","og_type":"article","og_title":"\u00c0 propos - Manue Scritch","og_description":"Je suis une dessinatrice fran\u00e7aise n\u00e9e en 1986. J&rsquo;ai grandi avec les BD franco-belges, notamment Uderzo et Herg\u00e9, et mon dessin s&rsquo;inscrit dans cette continuit\u00e9 : de la l\u00e9g\u00e8ret\u00e9, une ligne claire et des couleurs, &hellip;","og_url":"https:\/\/manue-scritch.com\/index.php\/a-propos\/","og_site_name":"Manue Scritch","article_modified_time":"2022-08-23T12:55:11+00:00","og_image":[{"url":"http:\/\/manue-scritch.com\/wp-content\/uploads\/2018\/01\/au-boulot_3.jpg"}],"twitter_card":"summary_large_image","twitter_misc":{"Dur\u00e9e de lecture estim\u00e9e":"1 minute"},"schema":{"@context":"https:\/\/schema.org","@graph":[{"@type":"WebPage","@id":"https:\/\/manue-scritch.com\/index.php\/a-propos\/","url":"https:\/\/manue-scritch.com\/index.php\/a-propos\/","name":"\u00c0 propos - Manue Scritch","isPartOf":{"@id":"http:\/\/manue-scritch.com\/#website"},"datePublished":"2022-08-22T20:28:54+00:00","dateModified":"2022-08-23T12:55:11+00:00","breadcrumb":{"@id":"https:\/\/manue-scritch.com\/index.php\/a-propos\/#breadcrumb"},"inLanguage":"fr-FR","potentialAction":[{"@type":"ReadAction","target":["https:\/\/manue-scritch.com\/index.php\/a-propos\/"]}]},{"@type":"BreadcrumbList","@id":"https:\/\/manue-scritch.com\/index.php\/a-propos\/#breadcrumb","itemListElement":[{"@type":"ListItem","position":1,"name":"Accueil","item":"http:\/\/manue-scritch.com\/"},{"@type":"ListItem","position":2,"name":"\u00c0 propos"}]},{"@type":"WebSite","@id":"http:\/\/manue-scritch.com\/#website","url":"http:\/\/manue-scritch.com\/","name":"Manue Scritch","description":"","potentialAction":[{"@type":"SearchAction","target":{"@type":"EntryPoint","urlTemplate":"http:\/\/manue-scritch.com\/?s={search_term_string}"},"query-input":"required name=search_term_string"}],"inLanguage":"fr-FR"}]}},"_links":{"self":[{"href":"https:\/\/manue-scritch.com\/index.php\/wp-json\/wp\/v2\/pages\/865"}],"collection":[{"href":"https:\/\/manue-scritch.com\/index.php\/wp-json\/wp\/v2\/pages"}],"about":[{"href":"https:\/\/manue-scritch.com\/index.php\/wp-json\/wp\/v2\/types\/page"}],"author":[{"embeddable":true,"href":"https:\/\/manue-scritch.com\/index.php\/wp-json\/wp\/v2\/users\/1"}],"replies":[{"embeddable":true,"href":"https:\/\/manue-scritch.com\/index.php\/wp-json\/wp\/v2\/comments?post=865"}],"version-history":[{"count":4,"href":"https:\/\/manue-scritch.com\/index.php\/wp-json\/wp\/v2\/pages\/865\/revisions"}],"predecessor-version":[{"id":908,"href":"https:\/\/manue-scritch.com\/index.php\/wp-json\/wp\/v2\/pages\/865\/revisions\/908"}],"wp:attachment":[{"href":"https:\/\/manue-scritch.com\/index.php\/wp-json\/wp\/v2\/media?parent=865"}],"curies":[{"name":"wp","href":"https:\/\/api.w.org\/{rel}","templated":true}]}}